{"id":107,"date":"2015-04-23T13:48:17","date_gmt":"2015-04-23T13:48:17","guid":{"rendered":"http:\/\/merles.ca\/?page_id=107"},"modified":"2015-04-23T19:36:48","modified_gmt":"2015-04-23T19:36:48","slug":"versonungskirche","status":"publish","type":"page","link":"http:\/\/merles.ca\/?page_id=107","title":{"rendered":"Vers\u00f6nungskirche"},"content":{"rendered":"<p>[vc_row full_width=&#8221;&#8221;][vc_column width=&#8221;1\/3&#8243;][vc_single_image image=&#8221;53&#8243; border_color=&#8221;grey&#8221; img_link_large=&#8221;&#8221; img_link_target=&#8221;_self&#8221; img_size=&#8221;full&#8221;][\/vc_column][vc_column width=&#8221;1\/3&#8243;][vc_column_text]<span style=\"color: #ff0000;\"><em>Vers\u00f6hnungskirche, <span style=\"color: #000000;\">Jocelyn Robert<\/span><br \/>\n<\/em><\/span><\/p>\n<p><em>Vers\u00f6hnungskirche<\/em> est une nouvelle s\u00e9rie de travaux pour piano<br \/>\nDisklavier par l\u2019artiste qu\u00e9b\u00e9cois Jocelyn Robert. La s\u00e9rie est inspir\u00e9e<br \/>\nde la pi\u00e8ce <em>The Politics of Geometry<\/em>, que Robert a r\u00e9alis\u00e9e<br \/>\n\u00e0 Berlin en 2007 pour Urban Interface|Berlin, un \u00e9v\u00e9nement organis\u00e9<br \/>\npar Susanne Jaschko. Les pi\u00e8ces de <em>Vers\u00f6hnungskirche<\/em> ont \u00e9t\u00e9<br \/>\ndirectement influenc\u00e9es par l\u2019histoire particuli\u00e8re de l\u2019\u00c9glise<br \/>\nde la R\u00e9conciliation.[\/vc_column_text][\/vc_column][vc_column width=&#8221;1\/3&#8243;][vc_column_text]<em><span style=\"color: #ff0000;\">Vers\u00f6hnungskirche, <span style=\"color: #000000;\">Jocelyn Robert<\/span><br \/>\n<\/span><\/em><\/p>\n<p><em>Vers\u00f6hnungskirche<\/em> is a new series of Disklavier piano works<br \/>\nfrom Quebec based artist Jocelyn Robert. The series is inspired<br \/>\nfrom the piece <em>The Politics of Geometry<\/em>, which Robert made<br \/>\nin Berlin in 2007 for the Urban Interface|Berlin project, curated<br \/>\nby Susanne Jaschko. The whole work is influenced by the<br \/>\nspecial history of the Church of Reconciliation.[\/vc_column_text][\/vc_column][\/vc_row][vc_row][vc_column width=&#8221;1\/1&#8243;][vc_separator color=&#8221;grey&#8221; align=&#8221;align_center&#8221; border_width=&#8221;4&#8243;][\/vc_column][\/vc_row][vc_row full_width=&#8221;&#8221;][vc_column width=&#8221;1\/3&#8243;][vc_column_text]<\/p>\n<p style=\"text-align: center;\"><a href=\"http:\/\/merles.ca\/wp-content\/uploads\/2015\/04\/verso-communique-fr-01b.pdf\" target=\"_blank\">Communiqu\u00e9<\/a> \/ <a href=\"http:\/\/merles.ca\/wp-content\/uploads\/2015\/04\/verso-communique-en-01b.pdf\" target=\"_blank\">Press Release<\/a><\/p>\n<p>[\/vc_column_text][\/vc_column][vc_column width=&#8221;1\/3&#8243;][vc_column_text]<\/p>\n<p style=\"text-align: center;\"><a href=\"https:\/\/itunes.apple.com\/ca\/album\/versohnungskirche\/id560237093?l=fr\" target=\"_blank\">T\u00e9l\u00e9chargement \/ Download<\/a><\/p>\n<p>[\/vc_column_text][\/vc_column][vc_column width=&#8221;1\/3&#8243;][vc_column_text]<\/p>\n<p style=\"text-align: center;\"><a href=\"http:\/\/www.cdbaby.com\/cd\/jocelynrobert3\" target=\"_blank\">Pour acheter le CD \/ Buy CD<\/a><\/p>\n<p>[\/vc_column_text][\/vc_column][\/vc_row][vc_row][vc_column width=&#8221;1\/1&#8243;][vc_separator color=&#8221;grey&#8221; align=&#8221;align_center&#8221; border_width=&#8221;4&#8243;][\/vc_column][\/vc_row][vc_row][vc_column width=&#8221;1\/1&#8243;][vc_column_text]<em>&#8220;La fra\u00eecheur limpide des harmoniques monte lentement dans l&#8217;air du soir, prend peu \u00e0 peu de l&#8217;assurance. Chaque note s&#8217;\u00e9panouit comme une fleur sonore, accompagn\u00e9e par une corolle d&#8217;autres notes avec lesquelles elle entre en r\u00e9sonance dans un savant contrepoint. Je n&#8217;insiste pas : encore un sommet ! &#8220;Montaigne&#8221; est \u00e0 sauts et \u00e0 gambades, comme il se doit, par moments comme suspendu dans une extase jubilatoire, avant de repartir de plus belle \u00e0 travers les champs sonores fortement charpent\u00e9s. Ici, l&#8217;\u00e9criture en strates superpos\u00e9es est particuli\u00e8rement adapt\u00e9e \u00e0 l&#8217;\u00e9vocation du texte de Montaigne, lui-m\u00eame tiss\u00e9 d&#8217;autres textes grecs ou latins et d&#8217;anecdotes multiples, d&#8217;incidentes et de digressions. &#8220;Rouge&#8221; r\u00e9soudra-t-il le probl\u00e8me des correspondances entre notes et couleurs ? Tentative rimbaldienne ? Notes profondes, vives, intenses ; d\u00e9grad\u00e9s et cascades br\u00e8ves&#8230;encore une pi\u00e8ce passionnante et belle ! &#8220;Le pont #2&#8221; est une composition plus myst\u00e9rieuse, en effet un jeu de ponts, de passerelles entre notes qui se r\u00e9pondent, s&#8217;appellent par dessus le vide, une s\u00e9rie d&#8217;arches invisibles construite par l&#8217;oreille. Vous l&#8217;avez compris : ce disque est aussi admirable, abouti, que le pr\u00e9c\u00e9dent, et ce n&#8217;est pas la derni\u00e8re pi\u00e8ce, &#8220;Le lointain&#8221;, qui me fera changer d&#8217;avis. Le lointain, c&#8217;est ce qui chante dans l&#8217;ici des entrelacs, des entre-l\u00e0&#8230;&#8221;<\/em><\/p>\n<p><a href=\"http:\/\/inactuelles.over-blog.com\/2014\/03\/jocelyn-robert-piano-disklavier.html\" target=\"_blank\">http:\/\/inactuelles.over-blog.com\/2014\/03\/jocelyn-robert-piano-disklavier.html<\/a>[\/vc_column_text][\/vc_column][\/vc_row][vc_row][vc_column width=&#8221;1\/1&#8243;][vc_separator color=&#8221;grey&#8221; align=&#8221;align_center&#8221; border_width=&#8221;4&#8243;][\/vc_column][\/vc_row]<\/p>\n","protected":false},"excerpt":{"rendered":"<p>[vc_row full_width=&#8221;&#8221;][vc_column width=&#8221;1\/3&#8243;][vc_single_image image=&#8221;53&#8243; border_color=&#8221;grey&#8221; img_link_large=&#8221;&#8221; img_link_target=&#8221;_self&#8221; img_size=&#8221;full&#8221;][\/vc_column][vc_column width=&#8221;1\/3&#8243;][vc_column_text]Vers\u00f6hnungskirche, Jocelyn Robert Vers\u00f6hnungskirche est une nouvelle s\u00e9rie de travaux pour piano Disklavier par l\u2019artiste qu\u00e9b\u00e9cois Jocelyn Robert. La s\u00e9rie est inspir\u00e9e de la pi\u00e8ce The Politics of Geometry, que Robert a r\u00e9alis\u00e9e \u00e0 Berlin en 2007 pour Urban Interface|Berlin, un \u00e9v\u00e9nement organis\u00e9 par Susanne Jaschko. Les &#8230; <a class=\"read-more\" href=\"http:\/\/merles.ca\/?page_id=107\">Read more<\/a><\/p>\n","protected":false},"author":1,"featured_media":0,"parent":47,"menu_order":0,"comment_status":"closed","ping_status":"open","template":"","meta":[],"_links":{"self":[{"href":"http:\/\/merles.ca\/index.php?rest_route=\/wp\/v2\/pages\/107"}],"collection":[{"href":"http:\/\/merles.ca\/index.php?rest_route=\/wp\/v2\/pages"}],"about":[{"href":"http:\/\/merles.ca\/index.php?rest_route=\/wp\/v2\/types\/page"}],"author":[{"embeddable":true,"href":"http:\/\/merles.ca\/index.php?rest_route=\/wp\/v2\/users\/1"}],"replies":[{"embeddable":true,"href":"http:\/\/merles.ca\/index.php?rest_route=%2Fwp%2Fv2%2Fcomments&post=107"}],"version-history":[{"count":7,"href":"http:\/\/merles.ca\/index.php?rest_route=\/wp\/v2\/pages\/107\/revisions"}],"predecessor-version":[{"id":152,"href":"http:\/\/merles.ca\/index.php?rest_route=\/wp\/v2\/pages\/107\/revisions\/152"}],"up":[{"embeddable":true,"href":"http:\/\/merles.ca\/index.php?rest_route=\/wp\/v2\/pages\/47"}],"wp:attachment":[{"href":"http:\/\/merles.ca\/index.php?rest_route=%2Fwp%2Fv2%2Fmedia&parent=107"}],"curies":[{"name":"wp","href":"https:\/\/api.w.org\/{rel}","templated":true}]}}