{"id":115,"date":"2015-04-23T14:14:16","date_gmt":"2015-04-23T14:14:16","guid":{"rendered":"http:\/\/merles.ca\/?page_id=115"},"modified":"2015-04-23T19:37:20","modified_gmt":"2015-04-23T19:37:20","slug":"mobile","status":"publish","type":"page","link":"http:\/\/merles.ca\/?page_id=115","title":{"rendered":"Mobile"},"content":{"rendered":"<p>[vc_row full_width=&#8221;&#8221;][vc_column width=&#8221;1\/3&#8243;][vc_single_image image=&#8221;50&#8243; border_color=&#8221;grey&#8221; img_link_large=&#8221;&#8221; img_link_target=&#8221;_self&#8221; img_size=&#8221;full&#8221;][\/vc_column][vc_column width=&#8221;1\/3&#8243;][vc_column_text]<span style=\"color: #ff0000;\"><em>Mobile, <span style=\"color: #000000;\">Jocelyn Robert<\/span><br \/>\n<\/em><\/span><\/p>\n<p><em>Mobile<\/em>, un nouveau disque de piano Disklavier de Jocelyn Robert, son premier piano solo depuis <em>Le Piano Flou<\/em> ! Explorations formelles, moir\u00e9s sonores, d\u00e9tournements historiques &#8230;[\/vc_column_text][\/vc_column][vc_column width=&#8221;1\/3&#8243;][vc_column_text]<em><span style=\"color: #ff0000;\">Mobile, <span style=\"color: #000000;\">Jocelyn Robert<\/span><br \/>\n<\/span><\/em><\/p>\n<p>Mobile, a new Disklavier Piano solo cd from Jocelyn Robert, his first solo piano since Le Piano Flou ! Formal explorations, sound moires, historical detournements &#8230;[\/vc_column_text][\/vc_column][\/vc_row][vc_row][vc_column width=&#8221;1\/1&#8243;][vc_separator color=&#8221;grey&#8221; align=&#8221;align_center&#8221; border_width=&#8221;4&#8243;][\/vc_column][\/vc_row][vc_row full_width=&#8221;&#8221;][vc_column width=&#8221;1\/3&#8243;][vc_column_text]<\/p>\n<p style=\"text-align: center;\"><a href=\"http:\/\/merles.ca\/wp-content\/uploads\/2015\/04\/mobile_immobile_presseb.pdf\" target=\"_blank\">Communiqu\u00e9<\/a> \/ <a href=\"http:\/\/merles.ca\/wp-content\/uploads\/2015\/04\/mobile_immobile_pressb.pdf\" target=\"_blank\">Press Release<\/a><\/p>\n<p>[\/vc_column_text][\/vc_column][vc_column width=&#8221;1\/3&#8243;][vc_column_text]<\/p>\n<p style=\"text-align: center;\"><a href=\"https:\/\/itunes.apple.com\/ca\/album\/mobile\/id486448204?l=fr\" target=\"_blank\">T\u00e9l\u00e9chargement \/ Download<\/a><\/p>\n<p>[\/vc_column_text][\/vc_column][vc_column width=&#8221;1\/3&#8243;][vc_column_text]<\/p>\n<p style=\"text-align: center;\"><a href=\"http:\/\/www.cdbaby.com\/cd\/jocelynrobert\" target=\"_blank\">Pour acheter le CD \/ Buy CD<\/a><\/p>\n<p>[\/vc_column_text][\/vc_column][\/vc_row][vc_row][vc_column width=&#8221;1\/1&#8243;][vc_separator color=&#8221;grey&#8221; align=&#8221;align_center&#8221; border_width=&#8221;4&#8243;][\/vc_column][\/vc_row][vc_row][vc_column width=&#8221;1\/1&#8243;][vc_column_text]<em>\u201cCela ne se d\u00e9roule pas : \u00e7a s\u2019enroule, se noue autour de points d\u2019ancrage, pour former un labyrinthe fascinant de notes, isol\u00e9es ou en grappes, prolong\u00e9es par l\u2019action de la p\u00e9dale ou br\u00e8ves, se d\u00e9tachant sur le discret mart\u00e8lement des marteaux. Un tr\u00e8s grand moment, une merveille ! (\u2026) Notes longues, tenues tr\u00e8s souvent au d\u00e9but, a\u00e9r\u00e9es de silences. Ce sont les premi\u00e8res gouttes, erratiques, qui tombent parfois par deux ou trois, une plus grosse avec une ou deux petites. Elles rebondissent plus ou moins sur le sol, selon l\u2019endroit de leur chute. Puis la pluie s\u2019intensifie, elle chante, s\u2019\u00e9tage\u2026elle recouvre le monde avec \u00e9clat, avec douceur, dans un r\u00e9seau de transparences liquides, de petites et multiples fulgurances. Elle tombe o\u00f9 elle veut, \u00e0 son rythme, pusiqu\u2019elle est le rythme m\u00eame. C\u2019est une pi\u00e8ce forte, exquise, adorable qui signe la r\u00e9ussite de l\u2019entreprise de Jocelyn Robert.\u201d<\/em><\/p>\n<p><a href=\"http:\/\/inactuelles.over-blog.com\/2014\/03\/jocelyn-robert-piano-disklavier.html\" target=\"_blank\">http:\/\/inactuelles.over-blog.com\/2014\/03\/jocelyn-robert-piano-disklavier.html<\/a><\/p>\n<p><em>\u201cRobert\u2019s approach is refreshing in its sparseness, using the Disklavier to evoke an almost piano-as-wind-chimes aesthetic. What Robert embraces in his\u00a0 music is an underlying nature and humanity. The textures get thick at times and while portions of each piece might be playable by a human many portions are not. The fact that my ear loses the exact moment when that possible\/impossible shift occurs makes me like this disc even more.\u201d<\/em><\/p>\n<p><a href=\"http:\/\/www.sequenza21.com\/cdreviews\/2013\/01\/jocelyn-robert-immobile\/\" target=\"_blank\">http:\/\/www.sequenza21.com\/cdreviews\/2013\/01\/jocelyn-robert-immobile\/<\/a>[\/vc_column_text][\/vc_column][\/vc_row][vc_row][vc_column width=&#8221;1\/1&#8243;][vc_separator color=&#8221;grey&#8221; align=&#8221;align_center&#8221; border_width=&#8221;4&#8243;][\/vc_column][\/vc_row]<\/p>\n","protected":false},"excerpt":{"rendered":"<p>[vc_row full_width=&#8221;&#8221;][vc_column width=&#8221;1\/3&#8243;][vc_single_image image=&#8221;50&#8243; border_color=&#8221;grey&#8221; img_link_large=&#8221;&#8221; img_link_target=&#8221;_self&#8221; img_size=&#8221;full&#8221;][\/vc_column][vc_column width=&#8221;1\/3&#8243;][vc_column_text]Mobile, Jocelyn Robert Mobile, un nouveau disque de piano Disklavier de Jocelyn Robert, son premier piano solo depuis Le Piano Flou ! Explorations formelles, moir\u00e9s sonores, d\u00e9tournements historiques &#8230;[\/vc_column_text][\/vc_column][vc_column width=&#8221;1\/3&#8243;][vc_column_text]Mobile, Jocelyn Robert Mobile, a new Disklavier Piano solo cd from Jocelyn Robert, his first solo piano since &#8230; <a class=\"read-more\" href=\"http:\/\/merles.ca\/?page_id=115\">Read more<\/a><\/p>\n","protected":false},"author":1,"featured_media":0,"parent":47,"menu_order":0,"comment_status":"closed","ping_status":"open","template":"","meta":[],"_links":{"self":[{"href":"http:\/\/merles.ca\/index.php?rest_route=\/wp\/v2\/pages\/115"}],"collection":[{"href":"http:\/\/merles.ca\/index.php?rest_route=\/wp\/v2\/pages"}],"about":[{"href":"http:\/\/merles.ca\/index.php?rest_route=\/wp\/v2\/types\/page"}],"author":[{"embeddable":true,"href":"http:\/\/merles.ca\/index.php?rest_route=\/wp\/v2\/users\/1"}],"replies":[{"embeddable":true,"href":"http:\/\/merles.ca\/index.php?rest_route=%2Fwp%2Fv2%2Fcomments&post=115"}],"version-history":[{"count":6,"href":"http:\/\/merles.ca\/index.php?rest_route=\/wp\/v2\/pages\/115\/revisions"}],"predecessor-version":[{"id":153,"href":"http:\/\/merles.ca\/index.php?rest_route=\/wp\/v2\/pages\/115\/revisions\/153"}],"up":[{"embeddable":true,"href":"http:\/\/merles.ca\/index.php?rest_route=\/wp\/v2\/pages\/47"}],"wp:attachment":[{"href":"http:\/\/merles.ca\/index.php?rest_route=%2Fwp%2Fv2%2Fmedia&parent=115"}],"curies":[{"name":"wp","href":"https:\/\/api.w.org\/{rel}","templated":true}]}}