{"id":130,"date":"2015-04-23T15:18:39","date_gmt":"2015-04-23T15:18:39","guid":{"rendered":"http:\/\/merles.ca\/?page_id=130"},"modified":"2015-04-23T19:42:40","modified_gmt":"2015-04-23T19:42:40","slug":"scories","status":"publish","type":"page","link":"http:\/\/merles.ca\/?page_id=130","title":{"rendered":"Scories"},"content":{"rendered":"<p>[vc_row full_width=&#8221;&#8221;][vc_column width=&#8221;1\/3&#8243;][vc_single_image image=&#8221;66&#8243; border_color=&#8221;grey&#8221; img_link_large=&#8221;&#8221; img_link_target=&#8221;_self&#8221; img_size=&#8221;full&#8221;][\/vc_column][vc_column width=&#8221;1\/3&#8243;][vc_column_text]<span style=\"color: #ff0000;\"><em>Scories, <span style=\"color: #000000;\">Jocelyn Robert<\/span><br \/>\n<\/em><\/span><\/p>\n<p>Un th\u00e8me radiophonique, une pi\u00e8ce pour un projet th\u00e9\u00e2tral, une autre qui accompagne un texte&#8230; Au cours des ann\u00e9es, des occasions se pr\u00e9sentent parfois de r\u00e9aliser des \u0153uvres sonores pour des contextes particuliers, sans que celles-ci soient inscrites dans un corpus plus grand, plus susceptible d&#8217;\u00eatre publi\u00e9. <em>Scories<\/em> r\u00e9unit une compilation de onze de ces compositions sonores. Cette compilation a \u00e9t\u00e9 r\u00e9alis\u00e9e pour l&#8217;exposition <em>C&#8217;est arriv\u00e9 pr\u00e8s de chez vous<\/em>, organis\u00e9e par Nathalie Deblois et pr\u00e9sent\u00e9e au Mus\u00e9e National des Beaux-Arts du Qu\u00e9bec en 2008.[\/vc_column_text][\/vc_column][vc_column width=&#8221;1\/3&#8243;][vc_column_text]<em><span style=\"color: #ff0000;\">Scories, <span style=\"color: #000000;\">Jocelyn Robert<\/span><br \/>\n<\/span><\/em><\/p>\n<p>A radio jingle, a sound work for a theatre play, another one to go along with a text&#8230; Through the years, there are opportunities here and there to do pieces that are not part of a larger body of work and thus have less chances to end up on a publication. <em>Scories<\/em> is a compilation of such pieces. This series, made of eleven works, has been made for the show <em>C&#8217;est arriv\u00e9 pr\u00e8s de chez vous,<\/em> curated by Nathalie Deblois for the Mus\u00e9e National des Beaux-Arts du Qu\u00e9bec in 2008.[\/vc_column_text][\/vc_column][\/vc_row][vc_row][vc_column width=&#8221;1\/1&#8243;][vc_separator color=&#8221;grey&#8221; align=&#8221;align_center&#8221; border_width=&#8221;4&#8243;][\/vc_column][\/vc_row][vc_row full_width=&#8221;&#8221;][vc_column width=&#8221;1\/3&#8243;][\/vc_column][vc_column width=&#8221;1\/3&#8243;][\/vc_column][vc_column width=&#8221;1\/3&#8243;][vc_column_text]<\/p>\n<p style=\"text-align: center;\"><a href=\"http:\/\/www.librairieformats.org\/product_info.php?manufacturers_id=13&amp;products_id=520&amp;osCsid=74ti5gt7qb4btse3jqks95p6d3\" target=\"_blank\">Pour acheter le CD \/ Buy CD<\/a><\/p>\n<p>[\/vc_column_text][\/vc_column][\/vc_row][vc_row][vc_column width=&#8221;1\/1&#8243;][vc_separator color=&#8221;grey&#8221; align=&#8221;align_center&#8221; border_width=&#8221;4&#8243;][\/vc_column][\/vc_row][vc_row][vc_column width=&#8221;1\/1&#8243;][vc_column_text]<em>\u201cRobert se sirve fundamentalmente de sonidos ambientales, fragmentos musicales y la voz para, entre otros prop\u00f3sitos, componer un evocador relato radiof\u00f3nico, sugerir traves\u00edas imaginarias, explorar resonancias de entornos dom\u00e9sticos o producir montajes con los que acompa\u00f1ar piezas de teatro experimental. En definitiva, una aproximaci\u00f3n ideal a los sonidos de un artista que se caracteriza por manejar con igual lucidez las ideas de cotidianeidad e ilusi\u00f3n.\u201d<\/em><\/p>\n<p><a href=\"http:\/\/arsonal-arsonal.blogspot.ca\/2010\/02\/jocelyn-robert-scories.html\" target=\"_blank\">http:\/\/arsonal-arsonal.blogspot.ca\/2010\/02\/jocelyn-robert-scories.html<\/a>[\/vc_column_text][\/vc_column][\/vc_row][vc_row][vc_column width=&#8221;1\/1&#8243;][vc_separator color=&#8221;grey&#8221; align=&#8221;align_center&#8221; border_width=&#8221;4&#8243;][\/vc_column][\/vc_row]<\/p>\n","protected":false},"excerpt":{"rendered":"<p>[vc_row full_width=&#8221;&#8221;][vc_column width=&#8221;1\/3&#8243;][vc_single_image image=&#8221;66&#8243; border_color=&#8221;grey&#8221; img_link_large=&#8221;&#8221; img_link_target=&#8221;_self&#8221; img_size=&#8221;full&#8221;][\/vc_column][vc_column width=&#8221;1\/3&#8243;][vc_column_text]Scories, Jocelyn Robert Un th\u00e8me radiophonique, une pi\u00e8ce pour un projet th\u00e9\u00e2tral, une autre qui accompagne un texte&#8230; Au cours des ann\u00e9es, des occasions se pr\u00e9sentent parfois de r\u00e9aliser des \u0153uvres sonores pour des contextes particuliers, sans que celles-ci soient inscrites dans un corpus plus grand, plus &#8230; <a class=\"read-more\" href=\"http:\/\/merles.ca\/?page_id=130\">Read more<\/a><\/p>\n","protected":false},"author":1,"featured_media":0,"parent":47,"menu_order":0,"comment_status":"closed","ping_status":"open","template":"","meta":[],"_links":{"self":[{"href":"http:\/\/merles.ca\/index.php?rest_route=\/wp\/v2\/pages\/130"}],"collection":[{"href":"http:\/\/merles.ca\/index.php?rest_route=\/wp\/v2\/pages"}],"about":[{"href":"http:\/\/merles.ca\/index.php?rest_route=\/wp\/v2\/types\/page"}],"author":[{"embeddable":true,"href":"http:\/\/merles.ca\/index.php?rest_route=\/wp\/v2\/users\/1"}],"replies":[{"embeddable":true,"href":"http:\/\/merles.ca\/index.php?rest_route=%2Fwp%2Fv2%2Fcomments&post=130"}],"version-history":[{"count":3,"href":"http:\/\/merles.ca\/index.php?rest_route=\/wp\/v2\/pages\/130\/revisions"}],"predecessor-version":[{"id":156,"href":"http:\/\/merles.ca\/index.php?rest_route=\/wp\/v2\/pages\/130\/revisions\/156"}],"up":[{"embeddable":true,"href":"http:\/\/merles.ca\/index.php?rest_route=\/wp\/v2\/pages\/47"}],"wp:attachment":[{"href":"http:\/\/merles.ca\/index.php?rest_route=%2Fwp%2Fv2%2Fmedia&parent=130"}],"curies":[{"name":"wp","href":"https:\/\/api.w.org\/{rel}","templated":true}]}}