{"id":134,"date":"2015-04-23T15:41:53","date_gmt":"2015-04-23T15:41:53","guid":{"rendered":"http:\/\/merles.ca\/?page_id=134"},"modified":"2015-04-23T19:51:13","modified_gmt":"2015-04-23T19:51:13","slug":"plongeurs","status":"publish","type":"page","link":"http:\/\/merles.ca\/?page_id=134","title":{"rendered":"Plongeurs"},"content":{"rendered":"<p>[vc_row full_width=&#8221;&#8221;][vc_column width=&#8221;1\/3&#8243;][vc_single_image image=&#8221;61&#8243; border_color=&#8221;grey&#8221; img_link_large=&#8221;&#8221; img_link_target=&#8221;_self&#8221; img_size=&#8221;full&#8221;][\/vc_column][vc_column width=&#8221;1\/3&#8243;][vc_column_text]<span style=\"color: #ff0000;\"><em>Plongeurs, <span style=\"color: #000000;\">Diane Landry<\/span><br \/>\n<\/em><\/span><\/p>\n<p><em>Plongeurs<\/em> aurait pu s&#8217;appeler<em> <a href=\"http:\/\/dianelandry.com\/ecole-daviation\/\" target=\"_blank\">\u00c9cole d&#8217;aviation<\/a> &#8211; La trame sonore,<\/em> puisqu&#8217;il s&#8217;agit d&#8217;un enregistrement audio de l&#8217;installation de se nom. Compos\u00e9e de 24 assemblages comprenant un parapluie, un syst\u00e8me m\u00e9canique, un syst\u00e8me d&#8217;\u00e9clairage et un accord\u00e9on fait main, l&#8217;installation respire et ce souffle compose une musique surprenante, envoutante.[\/vc_column_text][\/vc_column][vc_column width=&#8221;1\/3&#8243;][vc_column_text]<em><span style=\"color: #ff0000;\">Plongeurs, <span style=\"color: #000000;\">Diane Landry<\/span><br \/>\n<\/span><\/em><\/p>\n<p>The title of Plongeurs could also have been <em><a href=\"http:\/\/dianelandry.com\/flying-school-2\/\" target=\"_blank\">Flying School<\/a> &#8211; The Soundtrack,<\/em> since it is an audio recording of the art installation of the same name. Made from 24 objects that each include an umbrella, a mechanical system, a light system and a hand-made accordeon, the work breathes, and doing so it produces a surprising music.[\/vc_column_text][\/vc_column][\/vc_row][vc_row][vc_column width=&#8221;1\/1&#8243;][vc_separator color=&#8221;grey&#8221; align=&#8221;align_center&#8221; border_width=&#8221;4&#8243;][\/vc_column][\/vc_row][vc_row full_width=&#8221;&#8221;][vc_column width=&#8221;1\/3&#8243;][\/vc_column][vc_column width=&#8221;1\/3&#8243;][\/vc_column][vc_column width=&#8221;1\/3&#8243;][vc_column_text]<\/p>\n<p style=\"text-align: center;\"><a href=\"http:\/\/www.librairieformats.org\/product_info.php?manufacturers_id=13&amp;products_id=523&amp;osCsid=74ti5gt7qb4btse3jqks95p6d3\" target=\"_blank\">Pour acheter le CD \/ Buy CD<\/a><\/p>\n<p>[\/vc_column_text][\/vc_column][\/vc_row][vc_row][vc_column width=&#8221;1\/1&#8243;][vc_separator color=&#8221;grey&#8221; align=&#8221;align_center&#8221; border_width=&#8221;4&#8243;][\/vc_column][\/vc_row][vc_row][vc_column width=&#8221;1\/1&#8243;][vc_column_text]<em>&#8220;Pues bien, sin ning\u00fan aditamento significativo y merced a los sonidos de su particular Escuela de Vuelo, Landry compuso esta eficaz meditaci\u00f3n. Una m\u00fasica n\u00edtida y flotante a la vez, en la que confluyen m\u00faltiples silbos en di\u00e1logo parsimonioso. Delicada e invariable a lo largo de sus cuarenta minutos, &#8220;Plongeurs&#8221; constituye, desde luego, un verdadero canto a una suerte de experiencia contemplativa.&#8221;<\/em><\/p>\n<p><a href=\"http:\/\/arsonal-arsonal.blogspot.ca\/2011\/04\/diane-landry-plongeurs.html\" target=\"_blank\">http:\/\/arsonal-arsonal.blogspot.ca\/2011\/04\/diane-landry-plongeurs.html<\/a>[\/vc_column_text][\/vc_column][\/vc_row][vc_row][vc_column width=&#8221;1\/1&#8243;][vc_separator color=&#8221;grey&#8221; align=&#8221;align_center&#8221; border_width=&#8221;4&#8243;][\/vc_column][\/vc_row]<\/p>\n","protected":false},"excerpt":{"rendered":"<p>[vc_row full_width=&#8221;&#8221;][vc_column width=&#8221;1\/3&#8243;][vc_single_image image=&#8221;61&#8243; border_color=&#8221;grey&#8221; img_link_large=&#8221;&#8221; img_link_target=&#8221;_self&#8221; img_size=&#8221;full&#8221;][\/vc_column][vc_column width=&#8221;1\/3&#8243;][vc_column_text]Plongeurs, Diane Landry Plongeurs aurait pu s&#8217;appeler \u00c9cole d&#8217;aviation &#8211; La trame sonore, puisqu&#8217;il s&#8217;agit d&#8217;un enregistrement audio de l&#8217;installation de se nom. Compos\u00e9e de 24 assemblages comprenant un parapluie, un syst\u00e8me m\u00e9canique, un syst\u00e8me d&#8217;\u00e9clairage et un accord\u00e9on fait main, l&#8217;installation respire et ce souffle compose &#8230; <a class=\"read-more\" href=\"http:\/\/merles.ca\/?page_id=134\">Read more<\/a><\/p>\n","protected":false},"author":1,"featured_media":0,"parent":47,"menu_order":0,"comment_status":"closed","ping_status":"open","template":"","meta":[],"_links":{"self":[{"href":"http:\/\/merles.ca\/index.php?rest_route=\/wp\/v2\/pages\/134"}],"collection":[{"href":"http:\/\/merles.ca\/index.php?rest_route=\/wp\/v2\/pages"}],"about":[{"href":"http:\/\/merles.ca\/index.php?rest_route=\/wp\/v2\/types\/page"}],"author":[{"embeddable":true,"href":"http:\/\/merles.ca\/index.php?rest_route=\/wp\/v2\/users\/1"}],"replies":[{"embeddable":true,"href":"http:\/\/merles.ca\/index.php?rest_route=%2Fwp%2Fv2%2Fcomments&post=134"}],"version-history":[{"count":5,"href":"http:\/\/merles.ca\/index.php?rest_route=\/wp\/v2\/pages\/134\/revisions"}],"predecessor-version":[{"id":157,"href":"http:\/\/merles.ca\/index.php?rest_route=\/wp\/v2\/pages\/134\/revisions\/157"}],"up":[{"embeddable":true,"href":"http:\/\/merles.ca\/index.php?rest_route=\/wp\/v2\/pages\/47"}],"wp:attachment":[{"href":"http:\/\/merles.ca\/index.php?rest_route=%2Fwp%2Fv2%2Fmedia&parent=134"}],"curies":[{"name":"wp","href":"https:\/\/api.w.org\/{rel}","templated":true}]}}