{"id":140,"date":"2015-04-23T19:05:36","date_gmt":"2015-04-23T19:05:36","guid":{"rendered":"http:\/\/merles.ca\/?page_id=140"},"modified":"2015-04-23T19:15:23","modified_gmt":"2015-04-23T19:15:23","slug":"bingo","status":"publish","type":"page","link":"http:\/\/merles.ca\/?page_id=140","title":{"rendered":"Bingo"},"content":{"rendered":"<p>[vc_row full_width=&#8221;&#8221;][vc_column width=&#8221;1\/3&#8243;][vc_single_image image=&#8221;64&#8243; border_color=&#8221;grey&#8221; img_link_large=&#8221;&#8221; img_link_target=&#8221;_self&#8221; img_size=&#8221;full&#8221;][\/vc_column][vc_column width=&#8221;1\/3&#8243;][vc_column_text]<span style=\"color: #ff0000;\"><em>Bingo, <span style=\"color: #000000;\">Jocelyn Robert<\/span><br \/>\n<\/em><\/span><\/p>\n<p>Parmi la quinzaine de disques audios que Jocelyn Robert nous a propos\u00e9s par le pass\u00e9 se sont gliss\u00e9es quelques interventions sonores minimales, telles <em>20 moments blancs lents<\/em>, ou <em>Slow Sparks from the Split-Voiced Buddha<\/em>. Voici qu&#8217;il r\u00e9cidive avec <em>Bingo<\/em>, un nouveau CD audio sur \u00e9tiquette Merles.<\/p>\n<p>Craquements, souffles, chuchotements: les bruits discrets s&#8217;accumulent en boucles, s&#8217;insinuent entre les accrocs num\u00e9riques, flattent le tympan mais laissent l&#8217;espace curieusement vide. Une sorte d&#8217;horloge? Le battement d&#8217;un coeur organo-m\u00e9canique? Il faut savoir que dans le monde de l&#8217;aviation, Bingo d\u00e9signe le point \u00e0 partir duquel un avion n\u2019a plus que la quantit\u00e9 d\u2019essence n\u00e9cessaire pour revenir \u00e0 son point de d\u00e9part. En d&#8217;autres termes, le point de non-retour&#8230;[\/vc_column_text][\/vc_column][vc_column width=&#8221;1\/3&#8243;][vc_column_text]<em><span style=\"color: #ff0000;\">Bingo,<span style=\"color: #000000;\"> Jocelyn Robert<\/span><br \/>\n<\/span><\/em><\/p>\n<p>Parsing through the 15 or 20 cds that Jocelyn Robert has made, we can find some rather minimalist interventions, like <em>20 moments blancs lents<\/em> or <em>Slow Sparks from the Spli-Voiced Buddha<\/em>. <em>Bingo<\/em>, his new cd on the Merles label, is in the same family.<\/p>\n<p>Snaps, whispers, clicks&#8230; noises add up in loops, get through the digital cycles and into the inner ear. Some sort of clock ? A mechanical heart ? One has to know that in the world of planes and pilots, Bingo is the point from which there is just enough fuel left in the tanks for the plane to come back to base. In other words, the point of no return&#8230;[\/vc_column_text][\/vc_column][\/vc_row][vc_row][vc_column width=&#8221;1\/1&#8243;][vc_separator color=&#8221;grey&#8221; align=&#8221;align_center&#8221; border_width=&#8221;4&#8243;][\/vc_column][\/vc_row][vc_row full_width=&#8221;&#8221;][vc_column width=&#8221;1\/3&#8243;][\/vc_column][vc_column width=&#8221;1\/3&#8243;][\/vc_column][vc_column width=&#8221;1\/3&#8243;][vc_column_text]<\/p>\n<p style=\"text-align: center;\"><a href=\"http:\/\/www.librairieformats.org\/product_info.php?manufacturers_id=13&amp;products_id=112&amp;osCsid=74ti5gt7qb4btse3jqks95p6d3\" target=\"_blank\">Pour acheter le CD \/ Buy CD<\/a><\/p>\n<p>[\/vc_column_text][\/vc_column][\/vc_row][vc_row][vc_column width=&#8221;1\/1&#8243;][vc_separator color=&#8221;grey&#8221; align=&#8221;align_center&#8221; border_width=&#8221;4&#8243;][\/vc_column][\/vc_row]<\/p>\n","protected":false},"excerpt":{"rendered":"<p>[vc_row full_width=&#8221;&#8221;][vc_column width=&#8221;1\/3&#8243;][vc_single_image image=&#8221;64&#8243; border_color=&#8221;grey&#8221; img_link_large=&#8221;&#8221; img_link_target=&#8221;_self&#8221; img_size=&#8221;full&#8221;][\/vc_column][vc_column width=&#8221;1\/3&#8243;][vc_column_text]Bingo, Jocelyn Robert Parmi la quinzaine de disques audios que Jocelyn Robert nous a propos\u00e9s par le pass\u00e9 se sont gliss\u00e9es quelques interventions sonores minimales, telles 20 moments blancs lents, ou Slow Sparks from the Split-Voiced Buddha. Voici qu&#8217;il r\u00e9cidive avec Bingo, un nouveau CD audio sur &#8230; <a class=\"read-more\" href=\"http:\/\/merles.ca\/?page_id=140\">Read more<\/a><\/p>\n","protected":false},"author":1,"featured_media":0,"parent":47,"menu_order":0,"comment_status":"closed","ping_status":"open","template":"","meta":[],"_links":{"self":[{"href":"http:\/\/merles.ca\/index.php?rest_route=\/wp\/v2\/pages\/140"}],"collection":[{"href":"http:\/\/merles.ca\/index.php?rest_route=\/wp\/v2\/pages"}],"about":[{"href":"http:\/\/merles.ca\/index.php?rest_route=\/wp\/v2\/types\/page"}],"author":[{"embeddable":true,"href":"http:\/\/merles.ca\/index.php?rest_route=\/wp\/v2\/users\/1"}],"replies":[{"embeddable":true,"href":"http:\/\/merles.ca\/index.php?rest_route=%2Fwp%2Fv2%2Fcomments&post=140"}],"version-history":[{"count":3,"href":"http:\/\/merles.ca\/index.php?rest_route=\/wp\/v2\/pages\/140\/revisions"}],"predecessor-version":[{"id":143,"href":"http:\/\/merles.ca\/index.php?rest_route=\/wp\/v2\/pages\/140\/revisions\/143"}],"up":[{"embeddable":true,"href":"http:\/\/merles.ca\/index.php?rest_route=\/wp\/v2\/pages\/47"}],"wp:attachment":[{"href":"http:\/\/merles.ca\/index.php?rest_route=%2Fwp%2Fv2%2Fmedia&parent=140"}],"curies":[{"name":"wp","href":"https:\/\/api.w.org\/{rel}","templated":true}]}}