{"id":145,"date":"2015-04-23T19:20:56","date_gmt":"2015-04-23T19:20:56","guid":{"rendered":"http:\/\/merles.ca\/?page_id=145"},"modified":"2015-04-23T19:27:02","modified_gmt":"2015-04-23T19:27:02","slug":"30-oeuvres-choisies","status":"publish","type":"page","link":"http:\/\/merles.ca\/?page_id=145","title":{"rendered":"30 \u0153uvres choisies"},"content":{"rendered":"<p>[vc_row full_width=&#8221;&#8221;][vc_column width=&#8221;1\/3&#8243;][vc_single_image image=&#8221;62&#8243; border_color=&#8221;grey&#8221; img_link_large=&#8221;&#8221; img_link_target=&#8221;_self&#8221; img_size=&#8221;full&#8221;][\/vc_column][vc_column width=&#8221;1\/3&#8243;][vc_column_text]<span style=\"color: #ff0000;\"><em>30 \u0153uvres choisies, <span style=\"color: #000000;\">Diane Landry<\/span><br \/>\n<\/em><\/span><\/p>\n<p>Diane Landry est une artiste de premier plan au Canada. Ses installations automatis\u00e9es et ses performances lui ont valu une renomm\u00e9e internationale ainsi que de nombreuses distinctions. Ses travaux sont document\u00e9s dans plusieurs publications.<\/p>\n<p>Merles est fier de publier ce catalogue dvd\/ntsc qui pr\u00e9sente 17 installations ou sculptures et 13 performances de l&#8217;artiste, r\u00e9alis\u00e9es entre 1988 et 2006.[\/vc_column_text][\/vc_column][vc_column width=&#8221;1\/3&#8243;][vc_column_text]<em><span style=\"color: #ff0000;\">30 \u0153uvres choisies, <span style=\"color: #000000;\">Diane Landry<\/span><br \/>\n<\/span><\/em><\/p>\n<p>Diane Landry is amongst the most interesting artists in Canada. Her automated art installationsand her performances have gathered international praise and numerous awards. Her work has been shown in a number of art catalogues.<\/p>\n<p>Merles is proud of this this dvd\/ntsc calalogue, presenting 17 installations or sculptures and 13 performances from this remarquable artist.[\/vc_column_text][\/vc_column][\/vc_row][vc_row][vc_column width=&#8221;1\/1&#8243;][vc_separator color=&#8221;grey&#8221; align=&#8221;align_center&#8221; border_width=&#8221;4&#8243;][\/vc_column][\/vc_row][vc_row full_width=&#8221;&#8221;][vc_column width=&#8221;1\/3&#8243;][\/vc_column][vc_column width=&#8221;1\/3&#8243;][\/vc_column][vc_column width=&#8221;1\/3&#8243;][vc_column_text]<\/p>\n<p style=\"text-align: center;\"><a href=\"http:\/\/www.librairieformats.org\/product_info.php?manufacturers_id=13&amp;products_id=484&amp;osCsid=74ti5gt7qb4btse3jqks95p6d3\" target=\"_blank\">Pour acheter le CD \/ Buy CD<\/a><\/p>\n<p>[\/vc_column_text][\/vc_column][\/vc_row][vc_row][vc_column width=&#8221;1\/1&#8243;][vc_separator color=&#8221;grey&#8221; align=&#8221;align_center&#8221; border_width=&#8221;4&#8243;][\/vc_column][\/vc_row]<\/p>\n","protected":false},"excerpt":{"rendered":"<p>[vc_row full_width=&#8221;&#8221;][vc_column width=&#8221;1\/3&#8243;][vc_single_image image=&#8221;62&#8243; border_color=&#8221;grey&#8221; img_link_large=&#8221;&#8221; img_link_target=&#8221;_self&#8221; img_size=&#8221;full&#8221;][\/vc_column][vc_column width=&#8221;1\/3&#8243;][vc_column_text]30 \u0153uvres choisies, Diane Landry Diane Landry est une artiste de premier plan au Canada. Ses installations automatis\u00e9es et ses performances lui ont valu une renomm\u00e9e internationale ainsi que de nombreuses distinctions. Ses travaux sont document\u00e9s dans plusieurs publications. Merles est fier de publier ce catalogue dvd\/ntsc &#8230; <a class=\"read-more\" href=\"http:\/\/merles.ca\/?page_id=145\">Read more<\/a><\/p>\n","protected":false},"author":1,"featured_media":0,"parent":47,"menu_order":0,"comment_status":"closed","ping_status":"open","template":"","meta":[],"_links":{"self":[{"href":"http:\/\/merles.ca\/index.php?rest_route=\/wp\/v2\/pages\/145"}],"collection":[{"href":"http:\/\/merles.ca\/index.php?rest_route=\/wp\/v2\/pages"}],"about":[{"href":"http:\/\/merles.ca\/index.php?rest_route=\/wp\/v2\/types\/page"}],"author":[{"embeddable":true,"href":"http:\/\/merles.ca\/index.php?rest_route=\/wp\/v2\/users\/1"}],"replies":[{"embeddable":true,"href":"http:\/\/merles.ca\/index.php?rest_route=%2Fwp%2Fv2%2Fcomments&post=145"}],"version-history":[{"count":2,"href":"http:\/\/merles.ca\/index.php?rest_route=\/wp\/v2\/pages\/145\/revisions"}],"predecessor-version":[{"id":147,"href":"http:\/\/merles.ca\/index.php?rest_route=\/wp\/v2\/pages\/145\/revisions\/147"}],"up":[{"embeddable":true,"href":"http:\/\/merles.ca\/index.php?rest_route=\/wp\/v2\/pages\/47"}],"wp:attachment":[{"href":"http:\/\/merles.ca\/index.php?rest_route=%2Fwp%2Fv2%2Fmedia&parent=145"}],"curies":[{"name":"wp","href":"https:\/\/api.w.org\/{rel}","templated":true}]}}