{"id":175,"date":"2016-08-02T13:46:22","date_gmt":"2016-08-02T13:46:22","guid":{"rendered":"http:\/\/merles.ca\/?page_id=175"},"modified":"2016-08-02T14:22:07","modified_gmt":"2016-08-02T14:22:07","slug":"i-lost-the-fish-t","status":"publish","type":"page","link":"http:\/\/merles.ca\/?page_id=175","title":{"rendered":"I Lost The Fish &#8211; T"},"content":{"rendered":"<p>[vc_row full_width=&#8221;&#8221;][vc_column width=&#8221;1\/3&#8243;][vc_single_image image=&#8221;174&#8243; border_color=&#8221;grey&#8221; img_link_large=&#8221;&#8221; img_link_target=&#8221;_self&#8221; img_size=&#8221;full&#8221; link=&#8221;http:\/\/www.cdbaby.com\/cd\/ilostthefish2&#8243;][\/vc_column][vc_column width=&#8221;1\/3&#8243;][vc_column_text]<span style=\"color: #ff0000;\"><em>T, <\/em>I Lost The Fish<em><br \/>\n<\/em><\/span><\/p>\n<p>I Lost The Fish est un projet qui implique plusieurs artistes et qui est dirig\u00e9 par Olivier Landry-Gagnon et Jocelyn Robert. Pour le cd <em>T<\/em>, des sons ont \u00e9t\u00e9 cuits dans une cuisine, remix\u00e9s dans une autre, et le processus a \u00e9t\u00e9 r\u00e9p\u00e9t\u00e9 jusqu&#8217;\u00e0 ce que le repas soit pr\u00eat.<\/p>\n<p>&nbsp;<\/p>\n<p><a href=\"https:\/\/itunes.apple.com\/ca\/artist\/i-lost-the-fish\/id1137735795?l=fr\">T\u00e9l\u00e9charger \/ Download<\/a>[\/vc_column_text][\/vc_column][vc_column width=&#8221;1\/3&#8243;][vc_column_text]<span style=\"color: #ff0000;\"><em>T, <\/em>I Lost The Fish<em><br \/>\n<\/em><\/span><\/p>\n<p>I Lost The Fish is an project involving a number of artists and directed by Olivier Landry-Gagnon and Jocelyn Robert. For <em>T<\/em>, sounds were cooked in a kitchen, remixed in another, and the process has been repeated until the meal is ready.<\/p>\n<p>&nbsp;<\/p>\n<p><a href=\"http:\/\/www.cdbaby.com\/cd\/ilostthefish2\" target=\"_blank\">Acheter le cd \/ Buy the cd<\/a>[\/vc_column_text][\/vc_column][\/vc_row]<\/p>\n","protected":false},"excerpt":{"rendered":"<p>[vc_row full_width=&#8221;&#8221;][vc_column width=&#8221;1\/3&#8243;][vc_single_image image=&#8221;174&#8243; border_color=&#8221;grey&#8221; img_link_large=&#8221;&#8221; img_link_target=&#8221;_self&#8221; img_size=&#8221;full&#8221; link=&#8221;http:\/\/www.cdbaby.com\/cd\/ilostthefish2&#8243;][\/vc_column][vc_column width=&#8221;1\/3&#8243;][vc_column_text]T, I Lost The Fish I Lost The Fish est un projet qui implique plusieurs artistes et qui est dirig\u00e9 par Olivier Landry-Gagnon et Jocelyn Robert. Pour le cd T, des sons ont \u00e9t\u00e9 cuits dans une cuisine, remix\u00e9s dans une autre, et le processus a &#8230; <a class=\"read-more\" href=\"http:\/\/merles.ca\/?page_id=175\">Read more<\/a><\/p>\n","protected":false},"author":1,"featured_media":0,"parent":47,"menu_order":0,"comment_status":"closed","ping_status":"open","template":"","meta":[],"_links":{"self":[{"href":"http:\/\/merles.ca\/index.php?rest_route=\/wp\/v2\/pages\/175"}],"collection":[{"href":"http:\/\/merles.ca\/index.php?rest_route=\/wp\/v2\/pages"}],"about":[{"href":"http:\/\/merles.ca\/index.php?rest_route=\/wp\/v2\/types\/page"}],"author":[{"embeddable":true,"href":"http:\/\/merles.ca\/index.php?rest_route=\/wp\/v2\/users\/1"}],"replies":[{"embeddable":true,"href":"http:\/\/merles.ca\/index.php?rest_route=%2Fwp%2Fv2%2Fcomments&post=175"}],"version-history":[{"count":4,"href":"http:\/\/merles.ca\/index.php?rest_route=\/wp\/v2\/pages\/175\/revisions"}],"predecessor-version":[{"id":182,"href":"http:\/\/merles.ca\/index.php?rest_route=\/wp\/v2\/pages\/175\/revisions\/182"}],"up":[{"embeddable":true,"href":"http:\/\/merles.ca\/index.php?rest_route=\/wp\/v2\/pages\/47"}],"wp:attachment":[{"href":"http:\/\/merles.ca\/index.php?rest_route=%2Fwp%2Fv2%2Fmedia&parent=175"}],"curies":[{"name":"wp","href":"https:\/\/api.w.org\/{rel}","templated":true}]}}