{"id":214,"date":"2021-04-16T19:18:30","date_gmt":"2021-04-16T19:18:30","guid":{"rendered":"http:\/\/merles.ca\/?page_id=214"},"modified":"2021-06-09T19:07:53","modified_gmt":"2021-06-09T19:07:53","slug":"oremus-versatile","status":"publish","type":"page","link":"http:\/\/merles.ca\/?page_id=214","title":{"rendered":"Oremus Versatile"},"content":{"rendered":"<p>[vc_row][vc_column width=&#8221;1\/1&#8243;][vc_column_text]Jocelyn Robert et Alexandre St-Onge pr\u00e9sentent Oremus Versatile, un disque double de musique pour voix et piano Disklavier.<\/p>\n<p>Le piano Disklavier est un instrument fascinant. C\u2019est un piano de concert \u201cnormal\u201d de Yamaha, auquel a \u00e9t\u00e9 ajout\u00e9 un syst\u00e8me qui le transforme en piano m\u00e9canique, contr\u00f4lable par ordinateur. Le projet initial de Robert et St-Onge fut donc de cr\u00e9er une s\u00e9rie de pi\u00e8ces o\u00f9 les deux artistes joueraient simultan\u00e9ment sur le m\u00eame instrument, utilisant des logiciels qu\u2019ils ont cr\u00e9\u00e9s pour l\u2019occasion. \u00c9videmment, les choses ne se sont pas pass\u00e9es exactement comme pr\u00e9vu et une s\u00e9rie de textes furent aussi g\u00e9n\u00e9r\u00e9s pendant le processus, textes qu\u2019Alexandre St-Onge a aussit\u00f4t mis en voix. Apr\u00e8s trois s\u00e9ances de jeu et une s\u00e9rie d\u2019\u00e9tapes de montage, le r\u00e9sultat est Oremus Versatile, cd double publi\u00e9 avec les superbes images de Marie-Andr\u00e9e Ouimet.<\/p>\n<p>Oremus Versatile est disponible pour t\u00e9l\u00e9chargement et en cd digipack \u00e0<br \/>\n<a href=\"https:\/\/jocelynrobert.bandcamp.com\/\">https:\/\/jocelynrobert.bandcamp.com\/<\/a> et \u00e0<br \/>\n<a href=\"https:\/\/alexandrest-onge.bandcamp.com\">https:\/\/alexandrest-onge.bandcamp.com<\/a>\/<\/p>\n<p>REVIEW : <a href=\"http:\/\/www.vitalweekly.net\/1288.html\" target=\"_blank\">http:\/\/www.vitalweekly.net\/1288.html<\/a><\/p>\n<p>Jocelyn Robert and Alexandre St-Onge present Oremus Versatile, a double-cd of music for voice and Disklavier piano.<\/p>\n<p>The Disklavier piano is a fascinating instrument. It is a \u201cnormal\u201d concert piano from Yamaha, on which an electronic system has been added, transforming it into a mechanical piano that can be played by computer. The initial project on which Robert and St-Onge began working was to create a series of works where both artists would play simultaneously on the same instrument, using software they wrote for the project. But of course things didn\u2019t go exactly as planned and some texts were also generated during the process, texts that St-Onge read\/sang on some pieces. After three improvisation sessions and a series of editing steps, the result is Oremus Versatile, a double cd presented with wonderful images from artist Marie-Andr\u00e9e Ouimet.<\/p>\n<p>Oremus Versatile is available for download and as a digipack double cd from :<br \/>\n<a href=\"https:\/\/jocelynrobert.bandcamp.com\">https:\/\/jocelynrobert.bandcamp.com<\/a>\/\u00a0 and<br \/>\n<a href=\"https:\/\/alexandrest-onge.bandcamp.com\">https:\/\/alexandrest-onge.bandcamp.com<\/a>[\/vc_column_text][\/vc_column][\/vc_row][vc_row][vc_column width=&#8221;1\/1&#8243;][vc_single_image image=&#8221;212&#8243; border_color=&#8221;grey&#8221; img_link_large=&#8221;&#8221; img_link_target=&#8221;_self&#8221; img_size=&#8221;full&#8221;][\/vc_column][\/vc_row]<\/p>\n","protected":false},"excerpt":{"rendered":"<p>[vc_row][vc_column width=&#8221;1\/1&#8243;][vc_column_text]Jocelyn Robert et Alexandre St-Onge pr\u00e9sentent Oremus Versatile, un disque double de musique pour voix et piano Disklavier. Le piano Disklavier est un instrument fascinant. C\u2019est un piano de concert \u201cnormal\u201d de Yamaha, auquel a \u00e9t\u00e9 ajout\u00e9 un syst\u00e8me qui le transforme en piano m\u00e9canique, contr\u00f4lable par ordinateur. Le projet initial de Robert et &#8230; <a class=\"read-more\" href=\"http:\/\/merles.ca\/?page_id=214\">Read more<\/a><\/p>\n","protected":false},"author":1,"featured_media":0,"parent":47,"menu_order":0,"comment_status":"open","ping_status":"open","template":"","meta":[],"_links":{"self":[{"href":"http:\/\/merles.ca\/index.php?rest_route=\/wp\/v2\/pages\/214"}],"collection":[{"href":"http:\/\/merles.ca\/index.php?rest_route=\/wp\/v2\/pages"}],"about":[{"href":"http:\/\/merles.ca\/index.php?rest_route=\/wp\/v2\/types\/page"}],"author":[{"embeddable":true,"href":"http:\/\/merles.ca\/index.php?rest_route=\/wp\/v2\/users\/1"}],"replies":[{"embeddable":true,"href":"http:\/\/merles.ca\/index.php?rest_route=%2Fwp%2Fv2%2Fcomments&post=214"}],"version-history":[{"count":4,"href":"http:\/\/merles.ca\/index.php?rest_route=\/wp\/v2\/pages\/214\/revisions"}],"predecessor-version":[{"id":223,"href":"http:\/\/merles.ca\/index.php?rest_route=\/wp\/v2\/pages\/214\/revisions\/223"}],"up":[{"embeddable":true,"href":"http:\/\/merles.ca\/index.php?rest_route=\/wp\/v2\/pages\/47"}],"wp:attachment":[{"href":"http:\/\/merles.ca\/index.php?rest_route=%2Fwp%2Fv2%2Fmedia&parent=214"}],"curies":[{"name":"wp","href":"https:\/\/api.w.org\/{rel}","templated":true}]}}