{"id":92,"date":"2015-04-22T18:39:32","date_gmt":"2015-04-22T18:39:32","guid":{"rendered":"http:\/\/merles.ca\/?page_id=92"},"modified":"2015-04-23T19:53:14","modified_gmt":"2015-04-23T19:53:14","slug":"it-shouldnt-be-cancer","status":"publish","type":"page","link":"http:\/\/merles.ca\/?page_id=92","title":{"rendered":"It Shouldn&#8217;t Be Cancer"},"content":{"rendered":"<p>[vc_row full_width=&#8221;&#8221;][vc_column width=&#8221;1\/3&#8243;][vc_single_image image=&#8221;59&#8243; border_color=&#8221;grey&#8221; img_link_large=&#8221;&#8221; img_link_target=&#8221;_self&#8221; img_size=&#8221;full&#8221;][\/vc_column][vc_column width=&#8221;1\/3&#8243;][vc_column_text]<span style=\"color: #ff0000;\"><em>It Shouldn&#8217;t Be Cancer, <span style=\"color: #000000;\">Jocelyn Robert<\/span><br \/>\n<\/em><\/span><\/p>\n<p><em>It Shouldn&#8217;t Be Cancer<\/em> est le genre de musique pour piano que l&#8217;on fait quand on a entendu la phrase titre de la bouche de trois docteurs diff\u00e9rents en neuf mois. Pas de pr\u00e9cipitation, rien \u00e0 quoi s&#8217;accrocher, pas de conclusion \u00e9vidente : suspendu dans le temps. En attente. Il semble qu&#8217;ils n&#8217;avaient pas tort, pour le moment.[\/vc_column_text][\/vc_column][vc_column width=&#8221;1\/3&#8243;][vc_column_text]<em><span style=\"color: #ff0000;\">It Shouldn&#8217;t Be Cancer, <span style=\"color: #000000;\">Jocelyn Robert<\/span><br \/>\n<\/span><\/em><\/p>\n<p><em>It Shouldn&#8217;t Be Cancer<\/em> is the kind of music one composes after being told the same sentence by three different doctors over nine months. Nothing fast here, nothing to hold on, no obvious conclusion : suspended in time. Waiting. Turns out they were not wrong, for now.[\/vc_column_text][\/vc_column][\/vc_row][vc_row][vc_column width=&#8221;1\/1&#8243;][vc_separator color=&#8221;grey&#8221; align=&#8221;align_center&#8221; border_width=&#8221;4&#8243;][\/vc_column][\/vc_row][vc_row full_width=&#8221;&#8221;][vc_column width=&#8221;1\/3&#8243;][vc_column_text][\/vc_column_text][\/vc_column][vc_column width=&#8221;1\/3&#8243;][vc_column_text]<\/p>\n<p style=\"text-align: center;\"><a href=\"https:\/\/itunes.apple.com\/ca\/album\/it-shouldnt-be-cancer\/id845704211?l=fr\" target=\"_blank\">T\u00e9l\u00e9chargement \/ Download<\/a><\/p>\n<p>[\/vc_column_text][\/vc_column][vc_column width=&#8221;1\/3&#8243;][vc_column_text]<\/p>\n<p style=\"text-align: center;\"><a href=\"http:\/\/www.cdbaby.com\/cd\/jocelynrobert5\" target=\"_blank\">Pour acheter le CD \/ Buy CD<\/a><\/p>\n<p>[\/vc_column_text][\/vc_column][\/vc_row][vc_row][vc_column width=&#8221;1\/1&#8243;][vc_separator color=&#8221;grey&#8221; align=&#8221;align_center&#8221; border_width=&#8221;4&#8243;][\/vc_column][\/vc_row]<\/p>\n","protected":false},"excerpt":{"rendered":"<p>[vc_row full_width=&#8221;&#8221;][vc_column width=&#8221;1\/3&#8243;][vc_single_image image=&#8221;59&#8243; border_color=&#8221;grey&#8221; img_link_large=&#8221;&#8221; img_link_target=&#8221;_self&#8221; img_size=&#8221;full&#8221;][\/vc_column][vc_column width=&#8221;1\/3&#8243;][vc_column_text]It Shouldn&#8217;t Be Cancer, Jocelyn Robert It Shouldn&#8217;t Be Cancer est le genre de musique pour piano que l&#8217;on fait quand on a entendu la phrase titre de la bouche de trois docteurs diff\u00e9rents en neuf mois. Pas de pr\u00e9cipitation, rien \u00e0 quoi s&#8217;accrocher, pas de conclusion &#8230; <a class=\"read-more\" href=\"http:\/\/merles.ca\/?page_id=92\">Read more<\/a><\/p>\n","protected":false},"author":1,"featured_media":0,"parent":47,"menu_order":0,"comment_status":"closed","ping_status":"open","template":"","meta":[],"_links":{"self":[{"href":"http:\/\/merles.ca\/index.php?rest_route=\/wp\/v2\/pages\/92"}],"collection":[{"href":"http:\/\/merles.ca\/index.php?rest_route=\/wp\/v2\/pages"}],"about":[{"href":"http:\/\/merles.ca\/index.php?rest_route=\/wp\/v2\/types\/page"}],"author":[{"embeddable":true,"href":"http:\/\/merles.ca\/index.php?rest_route=\/wp\/v2\/users\/1"}],"replies":[{"embeddable":true,"href":"http:\/\/merles.ca\/index.php?rest_route=%2Fwp%2Fv2%2Fcomments&post=92"}],"version-history":[{"count":6,"href":"http:\/\/merles.ca\/index.php?rest_route=\/wp\/v2\/pages\/92\/revisions"}],"predecessor-version":[{"id":158,"href":"http:\/\/merles.ca\/index.php?rest_route=\/wp\/v2\/pages\/92\/revisions\/158"}],"up":[{"embeddable":true,"href":"http:\/\/merles.ca\/index.php?rest_route=\/wp\/v2\/pages\/47"}],"wp:attachment":[{"href":"http:\/\/merles.ca\/index.php?rest_route=%2Fwp%2Fv2%2Fmedia&parent=92"}],"curies":[{"name":"wp","href":"https:\/\/api.w.org\/{rel}","templated":true}]}}