{"id":31,"date":"2015-04-21T21:03:34","date_gmt":"2015-04-21T21:03:34","guid":{"rendered":"http:\/\/merles.ca\/?page_id=31"},"modified":"2015-04-21T21:17:06","modified_gmt":"2015-04-21T21:17:06","slug":"qui-who","status":"publish","type":"page","link":"https:\/\/merles.ca\/?page_id=31","title":{"rendered":"Qui ? \/ Who ?"},"content":{"rendered":"<p>[vc_row][vc_column width=&#8221;1\/2&#8243;][vc_single_image border_color=&#8221;grey&#8221; img_link_target=&#8221;_self&#8221; image=&#8221;33&#8243; img_size=&#8221;full&#8221; img_link_large=&#8221;&#8221;][\/vc_column][vc_column width=&#8221;1\/2&#8243;][vc_column_text][\/vc_column_text][\/vc_column][\/vc_row][vc_row][vc_column width=&#8221;1\/2&#8243;][vc_column_text]jocelyn robert vit \u00e0 qu\u00e9bec, canada.<br \/>\nson prermier cd sur merles est paru en janvier 2007.<br \/>\nmais il en a quelques autres avant et apr\u00e8s, ici et l\u00e0&#8230;<\/p>\n<p>jocelyn robert lives in qu\u00e9bec, canada.<br \/>\nhis first cd on merles was released in january 2007.<br \/>\nbut he has a few others before and after, here and there&#8230;<\/p>\n<p>web : <a href=\"http:\/\/www.jocelynrobert.com\">www.jocelynrobert.com<\/a>[\/vc_column_text][\/vc_column][vc_column width=&#8221;1\/2&#8243;][vc_single_image border_color=&#8221;grey&#8221; img_link_target=&#8221;_self&#8221; image=&#8221;34&#8243; img_size=&#8221;full&#8221; alignment=&#8221;right&#8221; img_link_large=&#8221;&#8221;][\/vc_column][\/vc_row][vc_row][vc_column width=&#8221;1\/3&#8243;][\/vc_column][vc_column width=&#8221;1\/3&#8243;][vc_column_text][\/vc_column_text][\/vc_column][vc_column width=&#8221;1\/3&#8243;][vc_column_text]<\/p>\n<p style=\"text-align: right;\">diane landry vit \u00e0 qu\u00e9bec, canada.<br \/>\nplongeurs est son prermier cd audio solo.<br \/>\nmais son dvd &#8220;30 oeuvres choisies&#8221; est loin d&#8217;\u00eatre son premier catalogue&#8230;<\/p>\n<p style=\"text-align: right;\">diane landry lives in qu\u00e9bec, canada.<br \/>\nplongeurs is her first solo audio cd .<br \/>\nbut her &#8220;30 selected works&#8221; dvd is far from being her first catalogue&#8230;<\/p>\n<p style=\"text-align: right;\">web : <a href=\"http:\/\/www.dianelandry.com\">www.dianelandry.com<\/a><\/p>\n<p>[\/vc_column_text][\/vc_column][\/vc_row][vc_row][vc_column width=&#8221;1\/2&#8243;][\/vc_column][vc_column width=&#8221;1\/2&#8243;][\/vc_column][\/vc_row]<\/p>\n","protected":false},"excerpt":{"rendered":"<p>[vc_row][vc_column width=&#8221;1\/2&#8243;][vc_single_image border_color=&#8221;grey&#8221; img_link_target=&#8221;_self&#8221; image=&#8221;33&#8243; img_size=&#8221;full&#8221; img_link_large=&#8221;&#8221;][\/vc_column][vc_column width=&#8221;1\/2&#8243;][vc_column_text][\/vc_column_text][\/vc_column][\/vc_row][vc_row][vc_column width=&#8221;1\/2&#8243;][vc_column_text]jocelyn robert vit \u00e0 qu\u00e9bec, canada. son prermier cd sur merles est paru en janvier 2007. mais il en a quelques autres avant et apr\u00e8s, ici et l\u00e0&#8230; jocelyn robert lives in qu\u00e9bec, canada. his first cd on merles was released in january 2007. but he has &#8230; <a class=\"read-more\" href=\"https:\/\/merles.ca\/?page_id=31\">Read more<\/a><\/p>\n","protected":false},"author":1,"featured_media":0,"parent":0,"menu_order":0,"comment_status":"closed","ping_status":"open","template":"","meta":[],"_links":{"self":[{"href":"https:\/\/merles.ca\/index.php?rest_route=\/wp\/v2\/pages\/31"}],"collection":[{"href":"https:\/\/merles.ca\/index.php?rest_route=\/wp\/v2\/pages"}],"about":[{"href":"https:\/\/merles.ca\/index.php?rest_route=\/wp\/v2\/types\/page"}],"author":[{"embeddable":true,"href":"https:\/\/merles.ca\/index.php?rest_route=\/wp\/v2\/users\/1"}],"replies":[{"embeddable":true,"href":"https:\/\/merles.ca\/index.php?rest_route=%2Fwp%2Fv2%2Fcomments&post=31"}],"version-history":[{"count":4,"href":"https:\/\/merles.ca\/index.php?rest_route=\/wp\/v2\/pages\/31\/revisions"}],"predecessor-version":[{"id":37,"href":"https:\/\/merles.ca\/index.php?rest_route=\/wp\/v2\/pages\/31\/revisions\/37"}],"wp:attachment":[{"href":"https:\/\/merles.ca\/index.php?rest_route=%2Fwp%2Fv2%2Fmedia&parent=31"}],"curies":[{"name":"wp","href":"https:\/\/api.w.org\/{rel}","templated":true}]}}